{"id":2,"date":"2016-03-03T13:15:53","date_gmt":"2016-03-03T12:15:53","guid":{"rendered":""},"modified":"2025-03-07T11:51:08","modified_gmt":"2025-03-07T10:51:08","slug":"beispiel-seite","status":"publish","type":"page","link":"http:\/\/www.galerie-morteveille.com\/main\/beispiel-seite\/","title":{"rendered":"Impressum"},"content":{"rendered":"<p>&nbsp;<\/p>\n<table border=\"0\" width=\"896\" cellspacing=\"0\" cellpadding=\"0\" align=\"center\">\n<tbody>\n<tr>\n<td class=\"menuetext\" valign=\"top\"><span style=\"color: #000000;\"><strong>GALERIE\u00a0 MORTEVEILLE\u00a0 SALZBURG \u00a0 \u00a0 \u00a0<\/strong> \u00a0 \u00a0 \u00a0 \u00a0 \u00a0 \u00a0 \u00a0 \u00a0 \u00a0 \u00a0 \u00a0 \u00a0 \u00a0 \u00a0 \u00a0 \u00a0 \u00a0 \u00a0 \u00a0 \u00a0 \u00a0 \u00a0 \u00a0 \u00a0 \u00a0 \u00a0 \u00a0 \u00a0 \u00a0 \u00a0 \u00a0 \u00a0 \u00a0 \u00a0 \u00a0 \u00a0 \u00a0 \u00a0 \u00a0 \u00a0 \u00a0 \u00a0 \u00a0 \u00a0 \u00a0 \u00a0 \u00a0 \u00a0 \u00a0 \u00a0 \u00a0 \u00a0 \u00a0 \u00a0 \u00a0 \u00a0 \u00a0\u00a0\u00a0\u00a0\u00a0\u00a0\u00a0\u00a0\u00a0\u00a0\u00a0\u00a0\u00a0\u00a0\u00a0\u00a0\u00a0\u00a0\u00a0\u00a0\u00a0\u00a0\u00a0\u00a0\u00a0\u00a0\u00a0 Didier R. Morteveille<br \/>\n<\/span><\/p>\n<p>Wolf &#8211; Dietrich -Str. 21<\/p>\n<p>5020\u00a0 Salzburg<\/p>\n<p>Telefon \u00a0 \u00a0\u00a0 0664 \u2013 48 83 266<br \/>\nE-mail \u00a0 \u00a0 \u00a0 <a href=\"mailto:kunsthandel@galerie-morteveille.at\">kunsthandel@galerie-morteveille.at\u00a0 oder\u00a0<\/a><a href=\"mailto:kunsthandel@galerie-morteveille.at\"> art@sbg.at<\/a><\/p>\n<p>www.galerie-morteveille.com<\/td>\n<\/tr>\n<\/tbody>\n<\/table>\n<p><span class=\"normtext\"><strong>Hinweis\u00a0<\/strong><br \/>\nDie auf den Seiten abgebildeten Werke\u00a0 stehen nur zum Teil zum Verkauf. Sie sollen den Stil und das Werk der von uns vertretenen K\u00fcnstlerinnen und K\u00fcnstler veranschaulichen. Sollten Sie Interesse an einem Werk haben, nehmen Sie bitte Kontakt mit uns auf. Nur die Rubrik SHOP stellt eine reine Verkaufsplattform dar.<br \/>\n<\/span><\/p>\n<p><span class=\"gross\">Datenschutz<\/span><\/p>\n<h2 class=\"normtext\">Adressen<\/h2>\n<p>Alle Adressen, die auf diesen Internetseiten ver\u00f6ffentlicht sind, dienen ausschlie\u00dflich Informationszwecken. Eine kommerzielle Verwendung durch Dritte ist nicht gestattet.\u00a0Es wird keine Gew\u00e4hr daf\u00fcr \u00fcbernommen, dass die angegebenen Adressen zutreffend sind.<\/p>\n<h2 class=\"normtext\">Copyright<\/h2>\n<p>Texte, Bilder, Grafiken sowie Gestaltung und Layout dieser Seiten unterliegen Urheberrecht. Unerlaubte Verwendung, Reproduktion oder Weitergabe einzelner Inhalte oder kompletter Seiten werden sowohl straf- als auch zivilrechtlich verfolgt.<\/p>\n<h2 class=\"normtext\">Haftung<\/h2>\n<p>Aufgrund der technischen Merkmale des Internet kann keine Gew\u00e4hr f\u00fcr die Vollst\u00e4ndigkeit und Richtigkeit der eingestellten Informationen \u00fcbernommen werden.<\/p>\n<p>Die Galerie Morteveille ist als Inhaltsanbieter f\u00fcr die &#8222;eigenen Inhalte&#8220;, die sie zur Nutzung bereith\u00e4lt, nach den allgemeinen Gesetzen verantwortlich. Von diesen eigenen Inhalten sind Querverweise (&#8222;links&#8220;) auf die von anderen Anbietern bereitgehaltenen Inhalte zu unterscheiden. Durch den Querverweis h\u00e4lt die Galerie Morteveille insofern &#8222;fremde Inhalte&#8220; zur Nutzung bereit. F\u00fcr diese fremden Inhalte ist sie nur dann verantwortlich, wenn sie von ihnen (d.h. auch von einem rechtswidrigen bzw. strafbaren Inhalt) positive Kenntnis hat und es ihr technisch m\u00f6glich und zumutbar ist, deren Nutzung zu verhindern.<br \/>\nBei Querverweisen handelt es sich allerdings stets um &#8222;lebende&#8220; (dynamische) Verweisungen. Die Galerie Morteveille hat bei der erstmaligen Verkn\u00fcpfung zwar den fremden Inhalt daraufhin \u00fcberpr\u00fcft, ob durch ihn eine m\u00f6gliche zivilrechtliche oder strafrechtliche Verantwortlichkeit ausgel\u00f6st wird. Sie ist aber nach dem Gesetz nicht dazu verpflichtet, die Inhalte, auf die sie in ihrem Angebot verweist, st\u00e4ndig auf Ver\u00e4nderungen zu \u00fcberpr\u00fcfen, die eine Verantwortlichkeit neu begr\u00fcnden k\u00f6nnten. Erst wenn sie feststellt oder von anderen darauf hingewiesen wird, dass ein konkretes Angebot, zu dem sie einen Querverweis bereitgestellt hat, eine zivil- oder strafrechtliche Verantwortlichkeit ausl\u00f6st, wird sie den Verweis auf dieses Angebot aufheben, soweit ihr dies technisch m\u00f6glich und zumutbar ist.<\/p>\n<p>&nbsp;<\/p>\n<p><script src=\"https:\/\/embedmaps.com\/google-maps-authorization\/script.js?id=a97d3dc7839a543beb83c8d656400d6f3898b312\" type=\"text\/javascript\"><\/script><script type=\"text\/javascript\">\/\/ <![CDATA[\nfunction init_map(){var myOptions = {zoom:12,center:new google.maps.LatLng(48.195557,16.36692240000002),mapTypeId: google.maps.MapTypeId.ROADMAP};map = new google.maps.Map(document.getElementById('gmap_canvas'), myOptions);marker = new google.maps.Marker({map: map,position: new google.maps.LatLng(48.195557,16.36692240000002)});infowindow = new google.maps.InfoWindow({content:'<strong>galerie & kunsthandel didier morteveille<\/strong>\nwiedner hauptstra\u00dfe 30\n1040 Wien\n'});google.maps.event.addListener(marker, 'click', function(){infowindow.open(map,marker);});infowindow.open(map,marker);}google.maps.event.addDomListener(window, 'load', init_map);\n\/\/ ]]><\/script><\/p>\n","protected":false},"excerpt":{"rendered":"<p>&nbsp; GALERIE\u00a0 MORTEVEILLE\u00a0 SALZBURG \u00a0 \u00a0 \u00a0 \u00a0 \u00a0 \u00a0 \u00a0 \u00a0 \u00a0 \u00a0 \u00a0 \u00a0 \u00a0&#8230;<\/p>\n","protected":false},"author":1,"featured_media":0,"parent":0,"menu_order":0,"comment_status":"closed","ping_status":"open","template":"","meta":[],"_links":{"self":[{"href":"http:\/\/www.galerie-morteveille.com\/main\/wp-json\/wp\/v2\/pages\/2"}],"collection":[{"href":"http:\/\/www.galerie-morteveille.com\/main\/wp-json\/wp\/v2\/pages"}],"about":[{"href":"http:\/\/www.galerie-morteveille.com\/main\/wp-json\/wp\/v2\/types\/page"}],"author":[{"embeddable":true,"href":"http:\/\/www.galerie-morteveille.com\/main\/wp-json\/wp\/v2\/users\/1"}],"replies":[{"embeddable":true,"href":"http:\/\/www.galerie-morteveille.com\/main\/wp-json\/wp\/v2\/comments?post=2"}],"version-history":[{"count":106,"href":"http:\/\/www.galerie-morteveille.com\/main\/wp-json\/wp\/v2\/pages\/2\/revisions"}],"predecessor-version":[{"id":2703,"href":"http:\/\/www.galerie-morteveille.com\/main\/wp-json\/wp\/v2\/pages\/2\/revisions\/2703"}],"wp:attachment":[{"href":"http:\/\/www.galerie-morteveille.com\/main\/wp-json\/wp\/v2\/media?parent=2"}],"curies":[{"name":"wp","href":"https:\/\/api.w.org\/{rel}","templated":true}]}}